{"id":463,"date":"2012-06-13T08:55:50","date_gmt":"2012-06-13T08:55:50","guid":{"rendered":"http:\/\/www.musicaleditor.com\/?page_id=463"},"modified":"2014-12-10T09:31:50","modified_gmt":"2014-12-10T09:31:50","slug":"magicscore-notensatzprogramm","status":"publish","type":"page","link":"https:\/\/www.musicaleditor.com\/ru\/magicscore-notensatzprogramm.html","title":{"rendered":"MagicScore notensatzprogramm"},"content":{"rendered":"<p align=\"CENTER\">MagicScore 7 Notensatz ist kompatibel mit allen Windows Versionen!<\/p>\n<p align=\"center\">Windows XP,Vistaund Windows 7,8<\/p>\n<p align=\"CENTER\"><span style=\"font-size: x-small;\">Sprachen: Englisch, Deutsch, Franz\u00f6sisch, Italiienisch, Russisch\u00a0\u00a0<\/span><\/p>\n<p>&nbsp;<\/p>\n<p><img loading=\"lazy\" class=\"wp-image-791 korobka\" title=\"Magic_Score_Maestro_7\" src=\"http:\/\/www.musicaleditor.com\/wp-content\/uploads\/2012\/06\/Magic_Score_Maestro_7.png\" alt=\"\" width=\"228\" height=\"283\" \/><\/p>\n<table class=\"button2\" width=\"30%\" border=\"0\" cellpadding=\"0\" cellspacing=\"0\">\r\n  <tbody><tr><td align=\"center\" valign=\"top\" width=\"50%\"><a href=\"\/download\/magicscoremaestro7demo.zip\"><img style=\"border:0px none;\" src=\"..\/i\/download.png\" border=\"0\" alt=\"download\" \/><\/a><\/td><td align=\"center\" valign=\"top\" width=\"50%\"><a href=\"\" rel=\"nofollow\"><img style=\"border:0px none;\" src=\"..\/i\/buynow.png\" border=\"0\" alt=\"buy\" \/><\/a><\/td><\/tr><tr><td width=\"50%\" height=\"21\" align=\"center\" valign=\"top\"><a href=\"download\/magicscoremaestro7demo.zip\"><strong>19.35 MB<\/strong><\/a><\/td><td align=\"center\" valign=\"top\" width=\"50%\"> <a href=\"\" rel=\"nofollow\"><strong style=\"margin-left:4px\"><\/strong><\/a>&nbsp;<strike><\/strike><\/td><\/tr><\/tbody><\/table>\n<p style=\"text-align: left;\" align=\"JUSTIFY\">MagicScore Maestro &#8212; die g\u00fcnstige Alternative zu anderen Notensatzprogrammen gibt es jetzt auch auf Deutsch!<\/p>\n<p style=\"text-align: left;\" align=\"JUSTIFY\">Diese Software zum Noten schreiben bietet f\u00fcr alle Musiker, Musiklehrer und Komponisten zahlreiche Werkzeuge, die das Notenschreiben am Computer vereinfachen:Von einer virtuellen<\/p>\n<p style=\"text-align: left;\" align=\"JUSTIFY\">Klaviertastatur bis hin zu Assistenten f\u00fcr Noten, Akkorde und Melodien. Neben der einblendbaren Klaviertastatur verf\u00fcgt die Software auch \u00fcber ein virtuelles Gitarrengriffbrett zur Noteneingabe.<\/p>\n<p style=\"text-align: left;\" align=\"JUSTIFY\">Sie k\u00f6nnen aber auch jedes MIDI-Ger\u00e4t (Keyboard, Digitalpiano usw.) anschlie\u00dfen und dieses f\u00fcr die Noteneingabe nutzen. Am Besten einfach die Testversion herunterladen und selber ausprobieren!<\/p>\n<div class=\"slider-thumb\"><a href=\"http:\/\/www.musicaleditor.com\/wp-content\/uploads\/2012\/04\/music-notation-software1.png\"><img loading=\"lazy\" class=\"size-full wp-image-1140 aligncenter\" title=\"MagicScore Maestro \u2013 the music notation software\" src=\"http:\/\/www.musicaleditor.com\/wp-content\/uploads\/2012\/04\/slider-001.png\" alt=\"Music notation software\" width=\"600\" height=\"375\" srcset=\"https:\/\/www.musicaleditor.com\/wp\/wp\/wp-content\/uploads\/2012\/04\/slider-001.png 600w, https:\/\/www.musicaleditor.com\/wp\/wp\/wp-content\/uploads\/2012\/04\/slider-001-300x187.png 300w\" sizes=\"(max-width: 600px) 100vw, 600px\" \/><\/a><\/div>\n<p><a href=\"http:\/\/www.musicaleditor.com\/wp-content\/uploads\/2012\/04\/music-composition-software_new.png\"><img loading=\"lazy\" class=\"alignleft size-medium wp-image-1136 slider-box\" title=\"Main toolbar , panel \u201eNotes\u201c, Easy lyrics entry, Velocity Editor\" src=\"http:\/\/www.musicaleditor.com\/wp-content\/uploads\/2012\/04\/music-composition-software_new.png\" alt=\"Musiccompositionsoftware\" width=\"300\" height=\"187\" \/><\/a><\/p>\n<p><a href=\"http:\/\/www.musicaleditor.com\/wp-content\/uploads\/2012\/04\/music-composing-software.png\"><img loading=\"lazy\" class=\"alignleft size-medium wp-image-1131  slider-box\" title=\"Notes, Symbols, Chords, Modify, Expressions, Intervals\" src=\"http:\/\/www.musicaleditor.com\/wp-content\/uploads\/2012\/04\/music-composing-software-300x187.png\" alt=\"composing software\" width=\"300\" height=\"187\" srcset=\"https:\/\/www.musicaleditor.com\/wp\/wp\/wp-content\/uploads\/2012\/04\/music-composing-software-300x187.png 300w, https:\/\/www.musicaleditor.com\/wp\/wp\/wp-content\/uploads\/2012\/04\/music-composing-software-1024x640.png 1024w, https:\/\/www.musicaleditor.com\/wp\/wp\/wp-content\/uploads\/2012\/04\/music-composing-software.png 1280w\" sizes=\"(max-width: 300px) 100vw, 300px\" \/><\/a><\/p>\n<p><a href=\"http:\/\/www.musicaleditor.com\/wp-content\/uploads\/2012\/04\/music-making-software.png\"><img loading=\"lazy\" class=\"alignleft  wp-image-1128  slider-box\" title=\"Virtual Piano, Virtual Guitar, Velocity Editor, MIDI Events Editor, Playback Editor\" src=\"http:\/\/www.musicaleditor.com\/wp-content\/uploads\/2012\/04\/music-making-software-300x187.png\" alt=\"Music making software\" width=\"300\" height=\"187\" srcset=\"https:\/\/www.musicaleditor.com\/wp\/wp\/wp-content\/uploads\/2012\/04\/music-making-software-300x187.png 300w, https:\/\/www.musicaleditor.com\/wp\/wp\/wp-content\/uploads\/2012\/04\/music-making-software-1024x640.png 1024w, https:\/\/www.musicaleditor.com\/wp\/wp\/wp-content\/uploads\/2012\/04\/music-making-software.png 1280w\" sizes=\"(max-width: 300px) 100vw, 300px\" \/><\/a><\/p>\n<p><a href=\"http:\/\/www.musicaleditor.com\/wp-content\/uploads\/2012\/04\/guitar.png\"><img loading=\"lazy\" class=\"alignleft size-medium wp-image-1132  slider-box\" title=\"Guitar, tabs, fingering, chords, diagrams, copy from\/to notation\" src=\"http:\/\/www.musicaleditor.com\/wp-content\/uploads\/2012\/04\/guitar-300x187.png\" alt=\"Guitar, Virtual Guitar\" width=\"300\" height=\"187\" srcset=\"https:\/\/www.musicaleditor.com\/wp\/wp\/wp-content\/uploads\/2012\/04\/guitar-300x187.png 300w, https:\/\/www.musicaleditor.com\/wp\/wp\/wp-content\/uploads\/2012\/04\/guitar-1024x640.png 1024w, https:\/\/www.musicaleditor.com\/wp\/wp\/wp-content\/uploads\/2012\/04\/guitar.png 1280w\" sizes=\"(max-width: 300px) 100vw, 300px\" \/><\/a><\/p>\n<p><a href=\"http:\/\/www.musicaleditor.com\/wp-content\/uploads\/2012\/04\/sheet-music-vocal-choral.png\"><img loading=\"lazy\" class=\"alignleft size-medium wp-image-1124 slider-box\" title=\"Lyrics editor, Export to image (TIFF, PNG, JPEG, etc), Export to Audio (wav, mp3), Publish in WEB\" src=\"http:\/\/www.musicaleditor.com\/wp-content\/uploads\/2012\/04\/sheet-music-vocal-choral-300x187.png\" alt=\"sheetmusic, vocal and choral music\" width=\"300\" height=\"187\" srcset=\"https:\/\/www.musicaleditor.com\/wp\/wp\/wp-content\/uploads\/2012\/04\/sheet-music-vocal-choral-300x187.png 300w, https:\/\/www.musicaleditor.com\/wp\/wp\/wp-content\/uploads\/2012\/04\/sheet-music-vocal-choral-1024x640.png 1024w, https:\/\/www.musicaleditor.com\/wp\/wp\/wp-content\/uploads\/2012\/04\/sheet-music-vocal-choral.png 1280w\" sizes=\"(max-width: 300px) 100vw, 300px\" \/><\/a><\/p>\n<p><a href=\"http:\/\/www.musicaleditor.com\/wp-content\/uploads\/2012\/04\/orchestra-record-from-MIDI-device.png\"><img loading=\"lazy\" class=\"alignleft size-medium wp-image-1125 slider-box\" title=\"Orchestral music, unlimited number of parts, Record from MIDI\" src=\"http:\/\/www.musicaleditor.com\/wp-content\/uploads\/2012\/04\/orchestra-record-from-MIDI-device-300x187.png\" alt=\"Orchestral music\" width=\"300\" height=\"187\" srcset=\"https:\/\/www.musicaleditor.com\/wp\/wp\/wp-content\/uploads\/2012\/04\/orchestra-record-from-MIDI-device-300x187.png 300w, https:\/\/www.musicaleditor.com\/wp\/wp\/wp-content\/uploads\/2012\/04\/orchestra-record-from-MIDI-device-1024x640.png 1024w, https:\/\/www.musicaleditor.com\/wp\/wp\/wp-content\/uploads\/2012\/04\/orchestra-record-from-MIDI-device.png 1280w\" sizes=\"(max-width: 300px) 100vw, 300px\" \/><\/a><\/p>\n<p><a href=\"http:\/\/www.musicaleditor.com\/wp-content\/uploads\/2012\/04\/music-instrument-parts-drum-map.png\"><img loading=\"lazy\" class=\"alignleft  wp-image-1129 slider-box\" title=\"Individual parts, special tools and symbols for drums\" src=\"http:\/\/www.musicaleditor.com\/wp-content\/uploads\/2012\/04\/music-instrument-parts-drum-map-300x187.png\" alt=\"Individual parts, special tools and symbols for drums\" width=\"300\" height=\"187\" srcset=\"https:\/\/www.musicaleditor.com\/wp\/wp\/wp-content\/uploads\/2012\/04\/music-instrument-parts-drum-map-300x187.png 300w, https:\/\/www.musicaleditor.com\/wp\/wp\/wp-content\/uploads\/2012\/04\/music-instrument-parts-drum-map-1024x640.png 1024w, https:\/\/www.musicaleditor.com\/wp\/wp\/wp-content\/uploads\/2012\/04\/music-instrument-parts-drum-map.png 1280w\" sizes=\"(max-width: 300px) 100vw, 300px\" \/><\/a><\/p>\n<p><a href=\"http:\/\/www.musicaleditor.com\/wp-content\/uploads\/2012\/04\/music-tempo-and-sound-editor.png\"><img loading=\"lazy\" class=\" wp-image-1126 slider-box alignleft\" title=\"Music tempo and sound editors\" src=\"http:\/\/www.musicaleditor.com\/wp-content\/uploads\/2012\/04\/music-tempo-and-sound-editor-300x187.png\" alt=\"Music tempo and sound editors\" width=\"300\" height=\"187\" srcset=\"https:\/\/www.musicaleditor.com\/wp\/wp\/wp-content\/uploads\/2012\/04\/music-tempo-and-sound-editor-300x187.png 300w, https:\/\/www.musicaleditor.com\/wp\/wp\/wp-content\/uploads\/2012\/04\/music-tempo-and-sound-editor-1024x640.png 1024w, https:\/\/www.musicaleditor.com\/wp\/wp\/wp-content\/uploads\/2012\/04\/music-tempo-and-sound-editor.png 1280w\" sizes=\"(max-width: 300px) 100vw, 300px\" \/><\/a><\/p>\n<p style=\"text-align: left;\" align=\"JUSTIFY\">Notensatzprogramm notensatzsoftware bestellen Notenschreiben notes symbols score Magicscore music list chord editor set MIDI chords virtual notation Maestro possible musical staff program Music Time Deluxe kompatibel Musictime Musiktime Update Upgrade Musictaim WinXP Windows ME Vertrieb distributor deutschland schweiz \u00f6sterreich Windows 2000 Vista home professional professionell note entry using select add files duration adding playback play-back page location guitar volume version velocity piano extended capabilities text style special scores real position own options instrument export entering elements effects create calculation symbol software properties pressing MB keys keyboard JPEG inserting GIF file drum Download display definitions data current changing BMP arpeggio all way used tool time specified single selection right recording pauses only new name most measure may Magicscore&#8217;s into information images graphical external entered dynamic design depending cursor compositions buttons Barre any working work values value user-defined styles staves sounds size sheet settings sets save representation real-time printing play placed patterns orientation number necessary navigator MusicXML mouse microtonal measures map lyrics line key Karaoke grupetto graphic forte Flagoletto fingers feature enter empty dynamics drop down done displayed device desired depend delete crescendo creating configure clicking classic change Buy button between back Automatic arrow affected adjust additional within width wide whole whether Vorschlag velocities type Trillare tracks track thrilled tempo templates tab system standard sound Some signature sheets several setting serves separately selecting selected scale Saving repeats recorded record recalculate reading range quickly quick predefined precisely place pitch piece performances performance parameters palette pages overall onto one offering note&#8217;s Muting modes menu manually Managing Pausen Mausclick noten lesen lernen Step-by-Step-Eingabe MIDI-Keyboard Realtime-Eingabe MIDIkeyboard Import Export Standard-MIDI-Files Musik Zeichensatz automatische Slur-Funktion Bindeb\u00f6gen automatische Gitarre-Tabulaturen Partituren 64 Systeme 8 Stimmen pro System freie Texteingabe Font Liedtexte Noten bestellen download music notation transcribing editing musicians print sheet music printouts of scores 64 separate staves scores orchestral arrangements choir songbooks teaching music school notendruck midi MIDI-Spuren Notenschreibprogramm noten schreiben am Computer Notensatz.<\/p>\n<table class=\"button2\" width=\"30%\" border=\"0\" cellpadding=\"0\" cellspacing=\"0\">\r\n  <tbody><tr><td align=\"center\" valign=\"top\" width=\"50%\"><a href=\"\/download\/magicscoremaestro7demo.zip\"><img style=\"border:0px none;\" src=\"..\/i\/download.png\" border=\"0\" alt=\"download\" \/><\/a><\/td><td align=\"center\" valign=\"top\" width=\"50%\"><a href=\"\" rel=\"nofollow\"><img style=\"border:0px none;\" src=\"..\/i\/buynow.png\" border=\"0\" alt=\"buy\" \/><\/a><\/td><\/tr><tr><td width=\"50%\" height=\"21\" align=\"center\" valign=\"top\"><a href=\"download\/magicscoremaestro7demo.zip\"><strong>19.35 MB<\/strong><\/a><\/td><td align=\"center\" valign=\"top\" width=\"50%\"> <a href=\"\" rel=\"nofollow\"><strong style=\"margin-left:4px\"><\/strong><\/a>&nbsp;<strike><\/strike><\/td><\/tr><\/tbody><\/table>\n","protected":false},"excerpt":{"rendered":"<p>MagicScore 7 Notensatz ist kompatibel mit allen Windows Versionen! Windows XP,Vistaund Windows 7,8 Sprachen: Englisch, Deutsch, Franz\u00f6sisch, Italiienisch, Russisch\u00a0\u00a0 &nbsp; MagicScore Maestro &#8212; die g\u00fcnstige Alternative zu anderen Notensatzprogrammen gibt es jetzt auch auf Deutsch! Diese Software zum Noten schreiben bietet f\u00fcr alle Musiker, Musiklehrer und Komponisten zahlreiche Werkzeuge, die das Notenschreiben am Computer vereinfachen:Von [&hellip;]<\/p>\n","protected":false},"author":1,"featured_media":0,"parent":0,"menu_order":0,"comment_status":"open","ping_status":"closed","template":"","meta":[],"translation":{"provider":"WPGlobus","version":"2.8.11","language":"ru","enabled_languages":["en","de","ru"],"languages":{"en":{"title":true,"content":true,"excerpt":false},"de":{"title":false,"content":false,"excerpt":false},"ru":{"title":false,"content":false,"excerpt":false}}},"_links":{"self":[{"href":"https:\/\/www.musicaleditor.com\/ru\/wp-json\/wp\/v2\/pages\/463"}],"collection":[{"href":"https:\/\/www.musicaleditor.com\/ru\/wp-json\/wp\/v2\/pages"}],"about":[{"href":"https:\/\/www.musicaleditor.com\/ru\/wp-json\/wp\/v2\/types\/page"}],"author":[{"embeddable":true,"href":"https:\/\/www.musicaleditor.com\/ru\/wp-json\/wp\/v2\/users\/1"}],"replies":[{"embeddable":true,"href":"https:\/\/www.musicaleditor.com\/ru\/wp-json\/wp\/v2\/comments?post=463"}],"version-history":[{"count":25,"href":"https:\/\/www.musicaleditor.com\/ru\/wp-json\/wp\/v2\/pages\/463\/revisions"}],"predecessor-version":[{"id":5868,"href":"https:\/\/www.musicaleditor.com\/ru\/wp-json\/wp\/v2\/pages\/463\/revisions\/5868"}],"wp:attachment":[{"href":"https:\/\/www.musicaleditor.com\/ru\/wp-json\/wp\/v2\/media?parent=463"}],"curies":[{"name":"wp","href":"https:\/\/api.w.org\/{rel}","templated":true}]}}