{"id":732,"date":"2012-06-13T15:07:42","date_gmt":"2012-06-13T15:07:42","guid":{"rendered":"http:\/\/www.musicaleditor.com\/?page_id=732"},"modified":"2022-05-05T15:40:11","modified_gmt":"2022-05-05T15:40:11","slug":"music-notation-software","status":"publish","type":"page","link":"https:\/\/www.musicaleditor.com\/de\/music-notation-software.html","title":{"rendered":"MagicScore Maestro"},"content":{"rendered":"<div class=\"pageproductboxitem pageproductboxitem-for-1-item\"><a title=\"MagicScore Maestro\" href=\"http:\/\/www.musicaleditor.com\/music-notation-software-buy.html\"><img title=\"SharpEye\" src=\"http:\/\/www.musicaleditor.com\/wp\/wp-content\/themes\/musicaleditorblue\/i\/prodthumbs\/magicscoremaestro.jpg\" alt=\"MagicScore Maestro \u2014 Music Composition and Music Notation Software\" \/><\/a><\/p>\n<div class=\"pageproductboxitembuttons\">\n<table class=\"pageproductboxesbuttons\">\n<tbody>\n<tr>\n<td><a class=\"ppbb-trial\" href=\"\/download\/magicscoremaestro8.zip\">free trial<\/a><\/td>\n<td><a class=\"ppbb-buynow\" href=\"http:\/\/www.musicaleditor.com\/music-notation-software-buy.html\" rel=\"nofollow\">buy now<\/a><\/td>\n<\/tr>\n<tr>\n<td><\/td>\n<td><span class=\"cprice\">from $6.99<\/span><span class=\"oldprice\"><\/span><\/td>\n<\/tr>\n<\/tbody>\n<\/table>\n<\/div>\n<\/div>\n<div class=\"clear\"><\/div>\n<h2>MagicScore Maestro ist ein meist-verkauftes Notensatzprogramm<\/h2>\n<p>Vorteile von MagicScore Maestro:<\/p>\n<ul>\n<li style=\"list-style-type: none;\">\n<ul>\n<li>Hohe graphische Qualit\u00e4t von Notensatz.<\/li>\n<li>Die Leichtigkeit und Bequemlichkeit vom Komponieren der Musik und Notensatz mit der Hilfe von Maus, PC- und MIDI-Tastaturen, virtuellen Klavier und Gitarrengriff.<\/li>\n<li>Zahlreiche Funktionen f\u00fcr Klangbearbeitung, viele von denen einzigartig unter existierenden Notensatzprogrammen sind.<\/li>\n<li>Bequemlichkeit der Ver\u00f6ffentlichung der Musik.<\/li>\n<li>Die M\u00f6glichkeit live, druck- und abspielbare Noten im Internet zu ver\u00f6ffentlichen.<\/li>\n<\/ul>\n<\/li>\n<\/ul>\n<div style=\"margin: 25px auto;\"><\/div>\n<p>Notensatzprogramm MagicScore Maestro ist eines der besten Programme f\u00fcr das Setzen, Komponieren und Lehren der Musik. MagicScore Maes t ro wird in der er s ten Reihe von Notensetzern, Komponisten, Arrangeuren, Musiklehrern und Musikschulen gew\u00e4hlt. Hohe Qualit\u00e4t von Noten, sehr breite M\u00f6glichkeiten f\u00fcr die Formatierung der Partitur als Ganze, als auch ihrer einzelnen Teile, Bequemlichkeit der MusikVer\u00f6ffentlichung sowohl in der gedruckten, als auch in der digi t a len Form, Benut zerFreundlichkeit, zahlreiche Funktionen f\u00fcr Klangbearbeitung, Ver\u00f6ffentlichung der live Noten im Internet \u2013 all das macht Maestro das beste Notensatzprogramm f\u00fcr die meisten Musiker.<\/p>\n<h2 style=\"text-align: center; color: #ff0000;\">Die beste NotensatzSoftware laut der unabh\u00e4ngigen Produktbewertung von TopTenReviwes (das 1. in Google)<\/h2>\n","protected":false},"excerpt":{"rendered":"<p>free trial buy now MagicScore Maestro ist ein meist-verkauftes Notensatzprogramm Vorteile von MagicScore Maestro: Hohe graphische Qualit\u00e4t von Notensatz. Die Leichtigkeit und Bequemlichkeit vom Komponieren der Musik und Notensatz mit der Hilfe von Maus, PC- und MIDI-Tastaturen, virtuellen Klavier und Gitarrengriff. Zahlreiche Funktionen f\u00fcr Klangbearbeitung, viele von denen einzigartig unter existierenden Notensatzprogrammen sind. Bequemlichkeit der [&hellip;]<\/p>\n","protected":false},"author":1,"featured_media":8336,"parent":0,"menu_order":0,"comment_status":"open","ping_status":"closed","template":"t1.php","meta":[],"translation":{"provider":"WPGlobus","version":"2.8.11","language":"de","enabled_languages":["en","de","ru"],"languages":{"en":{"title":true,"content":true,"excerpt":false},"de":{"title":true,"content":true,"excerpt":false},"ru":{"title":true,"content":true,"excerpt":false}}},"_links":{"self":[{"href":"https:\/\/www.musicaleditor.com\/de\/wp-json\/wp\/v2\/pages\/732"}],"collection":[{"href":"https:\/\/www.musicaleditor.com\/de\/wp-json\/wp\/v2\/pages"}],"about":[{"href":"https:\/\/www.musicaleditor.com\/de\/wp-json\/wp\/v2\/types\/page"}],"author":[{"embeddable":true,"href":"https:\/\/www.musicaleditor.com\/de\/wp-json\/wp\/v2\/users\/1"}],"replies":[{"embeddable":true,"href":"https:\/\/www.musicaleditor.com\/de\/wp-json\/wp\/v2\/comments?post=732"}],"version-history":[{"count":101,"href":"https:\/\/www.musicaleditor.com\/de\/wp-json\/wp\/v2\/pages\/732\/revisions"}],"predecessor-version":[{"id":8400,"href":"https:\/\/www.musicaleditor.com\/de\/wp-json\/wp\/v2\/pages\/732\/revisions\/8400"}],"wp:featuredmedia":[{"embeddable":true,"href":"https:\/\/www.musicaleditor.com\/de\/wp-json\/wp\/v2\/media\/8336"}],"wp:attachment":[{"href":"https:\/\/www.musicaleditor.com\/de\/wp-json\/wp\/v2\/media?parent=732"}],"curies":[{"name":"wp","href":"https:\/\/api.w.org\/{rel}","templated":true}]}}