{"id":5900,"date":"2015-01-07T10:29:24","date_gmt":"2015-01-07T10:29:24","guid":{"rendered":"http:\/\/www.musicaleditor.com\/?page_id=5900"},"modified":"2016-11-21T19:16:14","modified_gmt":"2016-11-21T19:16:14","slug":"magicscore-notation-for-ms-word","status":"publish","type":"page","link":"https:\/\/www.musicaleditor.com\/de\/magicscore-notation-for-ms-word.html","title":{"rendered":"MagicScore Notation for MS Word"},"content":{"rendered":"<div class=\"pageproductboxitem pageproductboxitem-for-1-item\">\n\t\t\t\t<a href=\"http:\/\/www.musicaleditor.com\/magicscore-notation-for-ms-word.html\" title=\"MagicScore Notation for MS Word\"><img src=\"http:\/\/www.musicaleditor.com\/wp\/wp-content\/themes\/musicaleditorblue\/i\/prodthumbs\/magicscorenotationformsword.jpg\" alt=\"MagicScore Notation for MS Word\" title=\"MagicScore Notation for MS Word\" \/><\/a><\/p>\n<div class=\"pageproductboxitembuttons\">\n<table class=\"pageproductboxesbuttons\">\n<tr>\n<td><a href=\"\/download\/magicscorenotationword8demo.zip\" class=\"ppbb-trial\">free trial<\/a><\/td>\n<td><a href=\"https:\/\/store.payproglobal.com\/checkout?products%5B1%5D%5Bid%5D=11328\" class=\"ppbb-buynow\" rel=\"nofollow\">buy now<\/a><\/td>\n<\/tr>\n<tr>\n<td><\/td>\n<td><span class=\"cprice\">$69.95<\/span><span class=\"oldprice\"><\/span><\/td>\n<\/tr>\n<\/table>\n<\/div>\n<\/div>\n<div class=\"clear\"><\/div>\n<h2>MagicScore Notation f\u00fcr MS Word ist ein Programm, das jeden Musiklehrer gl\u00fccklich machen kann!<\/h2>\n<p>Hauptvorteile von Notation for MS Word:<\/p>\n<ul>\n<li>Die M\u00f6glichkeit, sehr leicht Lehrmaterialien und Artikel \u00fcber Musik zu verfassen.<\/li>\n<li>Die M\u00f6glichkeit, Noten direkt in MS Word-Dokumente einzuf\u00fcgen und zu editieren.<\/li>\n<li>Schnelles und einfaches Setzen von Noten.<\/li>\n<li>Es hat alle Notenbearbeitung-Funktionen von MagicScore Maestro.<\/li>\n<li>Die Bequemlichkeit des Verfassens von Lehrmaterialien sowohl in der gedruckten, als auch in der digitalen Form.<\/li>\n<div style=\"margin:25px auto;\"><\/div>\n<p>MagicScore Notation f\u00fcr MS Word ist ein einzigartiges Programm, das unter MS Word arbeitet, gleichzeitig aber die ganze Funktionalit\u00e4t<br \/>\neines vollfunktionellen Notensatzprogramms besitzt, wie z.B. MagicScore Maestro.<\/p>\n<p>MagicScore Notation f\u00fcr MS Word ist ein wertvoller Helfer sowohl f\u00fcr Lehrer, als auch f\u00fcr Autoren der Artikel und B\u00fccher \u00fcber Musik und<br \/>\nMusik-Ausbildung. Deren Hauptaufgabe besteht in der Hilfe beim Entwickeln der Lehrmaterialien, von einzelnen Lehrstunden bis zu vollen Lehrkursen, und beim Schreiben der Artikel.<\/p>\n<p>Das Programm ist darin einzigartig, dass es es erlaubt, die Kraft von MS Word mit den meist fortgeschrittenen Funktionen von MagicScore<br \/>\nf\u00fcr Notenbearbeitung zu kombinieren.<\/p>\n","protected":false},"excerpt":{"rendered":"<p>free trial buy now MagicScore Notation f\u00fcr MS Word ist ein Programm, das jeden Musiklehrer gl\u00fccklich machen kann! Hauptvorteile von Notation for MS Word: Die M\u00f6glichkeit, sehr leicht Lehrmaterialien und Artikel \u00fcber Musik zu verfassen. Die M\u00f6glichkeit, Noten direkt in MS Word-Dokumente einzuf\u00fcgen und zu editieren. Schnelles und einfaches Setzen von Noten. Es hat alle [&hellip;]<\/p>\n","protected":false},"author":1,"featured_media":0,"parent":0,"menu_order":0,"comment_status":"closed","ping_status":"closed","template":"t1.php","meta":[],"translation":{"provider":"WPGlobus","version":"2.8.11","language":"de","enabled_languages":["en","de","ru"],"languages":{"en":{"title":true,"content":true,"excerpt":false},"de":{"title":true,"content":true,"excerpt":false},"ru":{"title":true,"content":true,"excerpt":false}}},"_links":{"self":[{"href":"https:\/\/www.musicaleditor.com\/de\/wp-json\/wp\/v2\/pages\/5900"}],"collection":[{"href":"https:\/\/www.musicaleditor.com\/de\/wp-json\/wp\/v2\/pages"}],"about":[{"href":"https:\/\/www.musicaleditor.com\/de\/wp-json\/wp\/v2\/types\/page"}],"author":[{"embeddable":true,"href":"https:\/\/www.musicaleditor.com\/de\/wp-json\/wp\/v2\/users\/1"}],"replies":[{"embeddable":true,"href":"https:\/\/www.musicaleditor.com\/de\/wp-json\/wp\/v2\/comments?post=5900"}],"version-history":[{"count":48,"href":"https:\/\/www.musicaleditor.com\/de\/wp-json\/wp\/v2\/pages\/5900\/revisions"}],"predecessor-version":[{"id":7112,"href":"https:\/\/www.musicaleditor.com\/de\/wp-json\/wp\/v2\/pages\/5900\/revisions\/7112"}],"wp:attachment":[{"href":"https:\/\/www.musicaleditor.com\/de\/wp-json\/wp\/v2\/media?parent=5900"}],"curies":[{"name":"wp","href":"https:\/\/api.w.org\/{rel}","templated":true}]}}