{"id":5708,"date":"2014-09-29T15:54:56","date_gmt":"2014-09-29T15:54:56","guid":{"rendered":"http:\/\/www.musicaleditor.com\/?page_id=5708"},"modified":"2017-05-17T16:04:53","modified_gmt":"2017-05-17T16:04:53","slug":"magicscore-guitar","status":"publish","type":"page","link":"https:\/\/www.musicaleditor.com\/de\/magicscore-guitar.html","title":{"rendered":"MagicScore Guitar"},"content":{"rendered":"<div class=\"pageproductboxitem pageproductboxitem-for-1-item\"><a title=\"MagicScore Guitar\" href=\"http:\/\/www.musicaleditor.com\/magicscore-guitar.html\"><img title=\"MagicScore Guitar\" src=\"http:\/\/www.musicaleditor.com\/wp\/wp-content\/themes\/musicaleditorblue\/i\/prodthumbs\/magicscoreguitar.jpg\" alt=\"MagicScore Guitar\" \/><\/a><\/p>\n<div class=\"pageproductboxitembuttons\">\n<table class=\"pageproductboxesbuttons\">\n<tbody>\n<tr>\n<td><a class=\"ppbb-trial\" href=\"\/download\/magicscoreguitar8demo.zip\">free trial<\/a><\/td>\n<td><a class=\"ppbb-buynow\" href=\"https:\/\/store.payproglobal.com\/checkout?products%5B1%5D%5Bid%5D=11327&amp;page-template=5825\" rel=\"nofollow\">buy now<\/a><\/td>\n<\/tr>\n<tr>\n<td><\/td>\n<td><span class=\"cprice\">$39.95<\/span><span class=\"oldprice\"><\/span><\/td>\n<\/tr>\n<\/tbody>\n<\/table>\n<\/div>\n<\/div>\n<div class=\"clear\"><\/div>\n<h2>Gitarristen w\u00e4hlen MagicScore Guitar!<\/h2>\n<p>Vorteile von MagicScore Guitar:<\/p>\n<ul>\n<li>Es erlaubt sehr leicht sowohl mit Tabulaturen, als auch mit Noten zu arbeiten.<\/li>\n<li>Das Programm implementiert den meist realistischen Klang der popul\u00e4ren Techniken, einschlie\u00dflich Bends, Glissando und Legato, mit Optionen f\u00fcr genaue Einstellung.<\/li>\n<li>Es erlaubt Schablonen f\u00fcr Instrumente, Gitarrengriffe und Tabulaturen anzulegen.<\/li>\n<li>Virtueller Gitarrengriff.<\/li>\n<li>Es erlaubt sehr leicht Tabulaturen und Noten im Internet zu ver\u00f6ffentlichen.<\/li>\n<\/ul>\n<div style=\"margin: 25px auto;\"><\/div>\n<p>MagicScore Guitar ist das beste Notensatzprogramm, die Tabulaturen und Noten unterst\u00fctzt, f\u00fcr Gitarristen. Dieses Program wird n\u00fctzlich sein f\u00fcr die Musiker, die sowohl klassische, als auch elektrische und Bass-Gitarre spielen; Schlagzeuger werden sich auch \u00fcber diese<br \/>\nProgramm freuen. Denen, die ihre ersten Schritte in Musikstudium machen, wird dieses Programm es helfen, ihr Lieblings-Instrument viel schneller zu meistern. MagicScore ist ein wertvoller Helfer f\u00fcr Arrangieren und Komponieren der Musik, f\u00fcr Lehren und Selbstlerenen. Dieses funktionsreiche Notensatzprogramm erlaubt es, nicht nur die f\u00fcr die Gitarre spezifischen Techniken zu not ieren, wie Bends, Glissando, Legato u.s.w., aber auch die genaue Einstellung deren Klangs nach Wunsch.<br \/>\nnsch.<\/p>\n","protected":false},"excerpt":{"rendered":"<p>free trial buy now Gitarristen w\u00e4hlen MagicScore Guitar! Vorteile von MagicScore Guitar: Es erlaubt sehr leicht sowohl mit Tabulaturen, als auch mit Noten zu arbeiten. Das Programm implementiert den meist realistischen Klang der popul\u00e4ren Techniken, einschlie\u00dflich Bends, Glissando und Legato, mit Optionen f\u00fcr genaue Einstellung. Es erlaubt Schablonen f\u00fcr Instrumente, Gitarrengriffe und Tabulaturen anzulegen. Virtueller [&hellip;]<\/p>\n","protected":false},"author":4,"featured_media":0,"parent":0,"menu_order":0,"comment_status":"closed","ping_status":"closed","template":"t1.php","meta":[],"translation":{"provider":"WPGlobus","version":"2.8.11","language":"de","enabled_languages":["en","de","ru"],"languages":{"en":{"title":true,"content":true,"excerpt":false},"de":{"title":true,"content":true,"excerpt":false},"ru":{"title":true,"content":true,"excerpt":false}}},"_links":{"self":[{"href":"https:\/\/www.musicaleditor.com\/de\/wp-json\/wp\/v2\/pages\/5708"}],"collection":[{"href":"https:\/\/www.musicaleditor.com\/de\/wp-json\/wp\/v2\/pages"}],"about":[{"href":"https:\/\/www.musicaleditor.com\/de\/wp-json\/wp\/v2\/types\/page"}],"author":[{"embeddable":true,"href":"https:\/\/www.musicaleditor.com\/de\/wp-json\/wp\/v2\/users\/4"}],"replies":[{"embeddable":true,"href":"https:\/\/www.musicaleditor.com\/de\/wp-json\/wp\/v2\/comments?post=5708"}],"version-history":[{"count":45,"href":"https:\/\/www.musicaleditor.com\/de\/wp-json\/wp\/v2\/pages\/5708\/revisions"}],"predecessor-version":[{"id":8191,"href":"https:\/\/www.musicaleditor.com\/de\/wp-json\/wp\/v2\/pages\/5708\/revisions\/8191"}],"wp:attachment":[{"href":"https:\/\/www.musicaleditor.com\/de\/wp-json\/wp\/v2\/media?parent=5708"}],"curies":[{"name":"wp","href":"https:\/\/api.w.org\/{rel}","templated":true}]}}