{"id":5670,"date":"2014-05-24T18:25:24","date_gmt":"2014-05-24T18:25:24","guid":{"rendered":"http:\/\/www.musicaleditor.com\/?page_id=5670"},"modified":"2017-05-17T16:06:31","modified_gmt":"2017-05-17T16:06:31","slug":"onetouch-composer","status":"publish","type":"page","link":"https:\/\/www.musicaleditor.com\/de\/onetouch-composer.html","title":{"rendered":"MagicScore OneTouch Composer"},"content":{"rendered":"<div class=\"pageproductboxitem pageproductboxitem-for-1-item\">\n\t\t\t\t<a href=\"#\" title=\"OneTouch Composer\"><img src=\"http:\/\/www.musicaleditor.com\/wp\/wp-content\/themes\/musicaleditorblue\/i\/prodthumbs\/onetouchcomposer.jpg\" alt=\"OneTouch Composer\" title=\"OneTouch Composer\" \/><\/a><\/p>\n<div class=\"pageproductboxitembuttons\">\n<table class=\"pageproductboxesbuttons\">\n<tr>\n<td><a href=\"\/download\/onetouchcomposer2demo.zip\" class=\"ppbb-trial\">free trial<\/a><\/td>\n<td><a href=\"https:\/\/store.payproglobal.com\/checkout?products%5B1%5D%5Bid%5D=11326\" class=\"ppbb-buynow\" rel=\"nofollow\">buy now<\/a><\/td>\n<\/tr>\n<tr>\n<td><\/td>\n<td><span class=\"cprice\">$39.95<\/span><span class=\"oldprice\"><\/span><\/td>\n<\/tr>\n<\/table>\n<\/div>\n<\/div>\n<div class=\"clear\"><\/div>\n<h2>MagicScore Notation for MS Word Komponieren Sie Musik wo und wann Sie es wollen, mit MagicScore OneTouch Composer!<\/h2>\n<p>MagicScore OneTouch Composer ist eine ausgezeichnete L\u00f6sung f\u00fcr die Musiker, die es hassen, Zeit zu verschwenden. Das Programm unterst\u00fctzt Touch-Eingabe und ist f\u00fcr Tablets konzipiert, kann aber auch auf einem PC betrieben werden. Wegen seiner einfachen, intuitiven Benutzeroberfl\u00e4che ist OneTouch Composer gleich gut f\u00fcr professionelle Musiker und Amateure geeignet.<\/p>\n<div style=\"margin:25px 0;\"><\/div>\n<p>OneTouch Composer erlaubt es, Musik zu komponieren, zu setzen, von MIDI-Tastatur aufzunehmen, Ihre Kompositionen auszudrucken und als PDF-, MID-, KAR-, XML-Dateien zu speichern und sehr leicht im Internet zu ver\u00f6ffentlichen. Das eigene Format, in dem MagicScore OneTouch Composer Dateien speichert, ist mit MagicScore Maestro, MagicScore Guitar, und MagicScore Notation for MS Word, MagicScore Songwriter kompatibel. Das bedeutet, dass Sie Ihre Arbeit an Ihren Kompositionen auf dem Desktop-PC fortsetzen k\u00f6nnen.<\/p>\n<p>Die Hauptvorteile von MagicScore OneTouch Composer:<\/p>\n<ul>\n<li>Die M\u00f6glichkeit, Musik zu schreiben und lernen, wo und wann Sie es wollen.<\/li>\n<li>Alle notwendigen Instrumente sind immer in Ihrer Reichweite auf derselben Form.<\/li>\n<li>Unterst\u00fctzung von 4 Eingabe-Modi: vom Touch-Bildschirm, vom virtuellen Gitarrengriff, vom virtuellen Klavier, von MIDITastatur,<br \/>\nund vom Synthesizer.<\/li>\n<li>Es ist gleich bequem mit oder ohne Benutzung des Stylus.<\/li>\n<li>Die M\u00f6glichkeit, Ihre Musik leicht im Internet zu ver\u00f6ffentlichen.<\/li>\n<\/ul>\n<h2 style=\"text-align:center; color:#ff0000;\">MagicScore OneTouch Composer ist der Sieger des Intel Application Innovation Wettbewerbs in der Kategorie &#8220;Das beste Programm f\u00fcr Windows-Tablet&#8221;.<\/h2>\n","protected":false},"excerpt":{"rendered":"<p>free trial buy now MagicScore Notation for MS Word Komponieren Sie Musik wo und wann Sie es wollen, mit MagicScore OneTouch Composer! MagicScore OneTouch Composer ist eine ausgezeichnete L\u00f6sung f\u00fcr die Musiker, die es hassen, Zeit zu verschwenden. Das Programm unterst\u00fctzt Touch-Eingabe und ist f\u00fcr Tablets konzipiert, kann aber auch auf einem PC betrieben werden. [&hellip;]<\/p>\n","protected":false},"author":4,"featured_media":0,"parent":0,"menu_order":0,"comment_status":"closed","ping_status":"closed","template":"t1.php","meta":[],"translation":{"provider":"WPGlobus","version":"2.8.11","language":"de","enabled_languages":["en","de","ru"],"languages":{"en":{"title":true,"content":true,"excerpt":false},"de":{"title":true,"content":true,"excerpt":false},"ru":{"title":true,"content":true,"excerpt":false}}},"_links":{"self":[{"href":"https:\/\/www.musicaleditor.com\/de\/wp-json\/wp\/v2\/pages\/5670"}],"collection":[{"href":"https:\/\/www.musicaleditor.com\/de\/wp-json\/wp\/v2\/pages"}],"about":[{"href":"https:\/\/www.musicaleditor.com\/de\/wp-json\/wp\/v2\/types\/page"}],"author":[{"embeddable":true,"href":"https:\/\/www.musicaleditor.com\/de\/wp-json\/wp\/v2\/users\/4"}],"replies":[{"embeddable":true,"href":"https:\/\/www.musicaleditor.com\/de\/wp-json\/wp\/v2\/comments?post=5670"}],"version-history":[{"count":54,"href":"https:\/\/www.musicaleditor.com\/de\/wp-json\/wp\/v2\/pages\/5670\/revisions"}],"predecessor-version":[{"id":7462,"href":"https:\/\/www.musicaleditor.com\/de\/wp-json\/wp\/v2\/pages\/5670\/revisions\/7462"}],"wp:attachment":[{"href":"https:\/\/www.musicaleditor.com\/de\/wp-json\/wp\/v2\/media?parent=5670"}],"curies":[{"name":"wp","href":"https:\/\/api.w.org\/{rel}","templated":true}]}}